{"id":88,"date":"2025-07-12T17:40:36","date_gmt":"2025-07-12T17:40:36","guid":{"rendered":"https:\/\/winterbicycle.com\/about\/?page_id=88"},"modified":"2026-01-13T14:15:31","modified_gmt":"2026-01-13T14:15:31","slug":"valoraciones-2","status":"publish","type":"page","link":"https:\/\/winterbicycle.com\/about\/index.php\/valoraciones-2\/","title":{"rendered":"Evaluaci\u00f3n e Investigaci\u00f3n"},"content":{"rendered":"<div class=\"wp-block-image\">\n<figure class=\"aligncenter size-full is-resized\"><img loading=\"lazy\" decoding=\"async\" width=\"1000\" height=\"548\" src=\"https:\/\/winterbicycle.com\/about\/wp-content\/uploads\/2025\/05\/mastercompolitica.jpg\" alt=\"\" class=\"wp-image-42\" style=\"width:850px;height:auto\" srcset=\"https:\/\/winterbicycle.com\/about\/wp-content\/uploads\/2025\/05\/mastercompolitica.jpg 1000w, https:\/\/winterbicycle.com\/about\/wp-content\/uploads\/2025\/05\/mastercompolitica-300x164.jpg 300w, https:\/\/winterbicycle.com\/about\/wp-content\/uploads\/2025\/05\/mastercompolitica-768x421.jpg 768w\" sizes=\"auto, (max-width: 1000px) 100vw, 1000px\" \/><\/figure>\n<\/div>\n\n\n<div style=\"height:8px\" aria-hidden=\"true\" class=\"wp-block-spacer\"><\/div>\n\n\n\n<p class=\"has-text-align-center has-neve-link-color-color has-text-color has-link-color has-small-font-size wp-elements-45c0c34243f30051105bf1a93d0c54e7\"><strong>Imagen: Alumnos del M\u00e1ster Universitario en Estudios Avanzados en Comunicaci\u00f3n Pol\u00edtica, jugando a Winter Bicycle en marzo de 2025.<\/strong><\/p>\n\n\n\n<div style=\"height:22px\" aria-hidden=\"true\" class=\"wp-block-spacer\"><\/div>\n\n\n\n<p class=\"has-text-align-center has-medium-font-size\">Tras cada sesi\u00f3n se realiza una valoraci\u00f3n del funcionamiento de Winter Bicycle para poder realizar ajustes<br> y mejorar la experiencia de juego. Estas son algunas de las valoraciones recibidas durante las sesiones realizadas en 2025:\u00a0<\/p>\n\n\n<div class=\"wp-block-image\">\n<figure class=\"aligncenter size-large is-resized\"><img loading=\"lazy\" decoding=\"async\" width=\"1024\" height=\"546\" src=\"https:\/\/winterbicycle.com\/about\/wp-content\/uploads\/2025\/07\/VALORACIONES-1024x546.png\" alt=\"\" class=\"wp-image-63\" style=\"width:758px;height:auto\" srcset=\"https:\/\/winterbicycle.com\/about\/wp-content\/uploads\/2025\/07\/VALORACIONES-1024x546.png 1024w, https:\/\/winterbicycle.com\/about\/wp-content\/uploads\/2025\/07\/VALORACIONES-300x160.png 300w, https:\/\/winterbicycle.com\/about\/wp-content\/uploads\/2025\/07\/VALORACIONES-768x409.png 768w, https:\/\/winterbicycle.com\/about\/wp-content\/uploads\/2025\/07\/VALORACIONES.png 1205w\" sizes=\"auto, (max-width: 1024px) 100vw, 1024px\" \/><\/figure>\n<\/div>\n\n\n<div style=\"height:100px\" aria-hidden=\"true\" class=\"wp-block-spacer\"><\/div>\n\n\n\n<p>Los comentarios de las alumnas y los alumnos que ya han participado nos indican que la narrativa del videojuego es lo que m\u00e1s les sorprende y atrae, acompa\u00f1ada de un proceso de resoluci\u00f3n de los enigmas que estimula el inter\u00e9s de menos a m\u00e1s. Sin embargo, tambi\u00e9n varios comentarios inciden en la lentitud del ordenador o la dificultad de controlar los espacios de realidad virtual. Esto ha supuesto un reto para el equipo, pues hemos tenido que incorporar bastantes mejoras en la experiencia de juego de los escenarios de realidad virtual. Adem\u00e1s, de cara a llevar el juego a otras instituciones, hemos elaborado un listado de requisitos m\u00ednimos de hardware y un protocolo inicial que gu\u00eda a los participantes por los controles del motor de videojuego.<\/p>\n\n\n\n<div style=\"height:48px\" aria-hidden=\"true\" class=\"wp-block-spacer\"><\/div>\n\n\n\n<p class=\"has-neve-link-color-color has-text-color has-link-color has-large-font-size wp-elements-a44e89c92bb9f3e397142df315ec4ec2\">Mejoras incorporadas<\/p>\n\n\n\n<p class=\"has-medium-font-size\">Estas son algunas de las mejoras que se han ido introduciendo para mejorar la experiencia l\u00fadica de Winter Bicycle. Cada una de las sesiones realizadas nos ha permitido tomar nota de posibles modificaciones, que luego el equipo valora y, dado el caso, se implementan:<\/p>\n\n\n\n<p><strong> Ver 1.3. Noviembre 2025.<\/strong> Mejoras en la calidad de los v\u00eddeos que recorren los espacios de realidad virtual. Se mejoran algunas de las pistas anal\u00f3gicas, como las cartas que recibe Nicol.<\/p>\n\n\n\n<p><strong> Ver 1.2. Octubre 2025.<\/strong> Se a\u00f1aden m\u00e1s sobres con pistas anal\u00f3gicas para as\u00ed motivar que los grupos las intercambien. Estas pistas en algunos pueden ser clave. Con el objetivo de mejorar la experiencia de juego en el entorno virtual, hemos introducido un protocolo inicial que gu\u00eda a los participantes por los controles del motor de videojuego. Adem\u00e1s, hemos elaborado un listado de requisitos m\u00ednimos de hardware para que Winter Bicycle pueda jugarse en otras instituciones.<\/p>\n\n\n\n<p><strong> Ver 1.1. Septiembre de 2025.<\/strong> Ante los posibles problemas de conexi\u00f3n con la plataforma de Epic Games de Realidad Virtual, creamos videos que recorren los dos espacios Winter Bicycle, la ciudad y la casa de Nicol. De esta forma el jugador puede decidir si esperar a conectarse o ver los v\u00eddeos. <\/p>\n\n\n\n<p><strong> Ver 0.7. Abril 2025.<\/strong> Se redactan de nuevo las preguntas que sirven de reto para que sean m\u00e1s comprensibles. Mejora gr\u00e1fica del espacio de realidad virtual que representa la casa de Nicol, especialmente el corredor donde se realizan las entregas con dron. Se modifican las im\u00e1genes de Nicol en distintas partes del juego (web, espacios de realidad virtual) para que haya equilibrio entre ellas. Modificaciones en los carteles de los muros de la ciudad (espacio de realidad virtual). Se corrigen errores en la fecha de la red social ShadowLife para que los acontecimientos sean m\u00e1s cre\u00edbles.<\/p>\n\n\n\n<p><strong> Ver 0.3. Marzo 2025.<\/strong> Se ampl\u00eda el gui\u00f3n en algunos hilos secundarios de la trama para darle m\u00e1s profundidad a personajes como Lena o Nekane. Mejora gr\u00e1fica de eSedentarismo en la ciudad (principal espacio de realidad virtual). Se introduce el perfil de AEMET en la red social ShadowLife.<\/p>\n\n\n\n<div style=\"height:48px\" aria-hidden=\"true\" class=\"wp-block-spacer\"><\/div>\n\n\n\n<p class=\"has-neve-link-color-color has-text-color has-link-color has-large-font-size wp-elements-f68b4e4b2c9650f2d12f343c9ed4ecc4\">Investigando la capacidad de lo l\u00fadico para sensibilizar sobre el cambio clim\u00e1tico<\/p>\n\n\n<div class=\"wp-block-image\">\n<figure class=\"alignright size-full is-resized\"><img loading=\"lazy\" decoding=\"async\" width=\"512\" height=\"512\" src=\"https:\/\/winterbicycle.com\/about\/wp-content\/uploads\/2025\/07\/invetigar.png\" alt=\"\" class=\"wp-image-136\" style=\"width:309px;height:auto\" srcset=\"https:\/\/winterbicycle.com\/about\/wp-content\/uploads\/2025\/07\/invetigar.png 512w, https:\/\/winterbicycle.com\/about\/wp-content\/uploads\/2025\/07\/invetigar-300x300.png 300w, https:\/\/winterbicycle.com\/about\/wp-content\/uploads\/2025\/07\/invetigar-150x150.png 150w\" sizes=\"auto, (max-width: 512px) 100vw, 512px\" \/><\/figure>\n<\/div>\n\n\n<p>Winter Bicycle ofrece tambi\u00e9n <strong>una oportunidad para la investigaci\u00f3n acad\u00e9mica<\/strong> al permitir el estudio detallado de una experiencia inmersiva de sensibilizaci\u00f3n medioambiental. La realidad virtual proporciona un entorno interactivo y multisensorial que ayuda a abordar conceptos complejos como el aumento del nivel del mar, la acidificaci\u00f3n de los oc\u00e9anos o los efectos del deshielo \u00e1rtico, promoviendo un tipo de aprendizaje del que podemos extraer distintos an\u00e1lisis y valoraciones. Desde la perspectiva de la comunicaci\u00f3n cient\u00edfica, estas aventuras l\u00fadicas representan un laboratorio ideal para experimentar con narrativas de ficci\u00f3n y contenidos cient\u00edficos, facilitando el estudio de los distintos elementos que participan en el juego. Adem\u00e1s, en el campo de las ciencias sociales, se convierten en instrumentos para estudiar c\u00f3mo influyen factores como la identidad cultural, el nivel educativo o las creencias pol\u00edticas en la recepci\u00f3n de mensajes sobre el impacto del cambio clim\u00e1tico. Por tanto, Winter Bicycle no es solo un recurso pedag\u00f3gico y de sensibilizaci\u00f3n, sino tambi\u00e9n una plataforma de investigaci\u00f3n interdisciplinaria.<\/p>\n\n\n\n<div style=\"height:204px\" aria-hidden=\"true\" class=\"wp-block-spacer\"><\/div>\n\n\n\n<p><\/p>\n\n\n\n<p><\/p>\n","protected":false},"excerpt":{"rendered":"<p>Imagen: Alumnos del M\u00e1ster Universitario en Estudios Avanzados en Comunicaci\u00f3n Pol\u00edtica, jugando a Winter Bicycle en marzo de 2025. Tras cada sesi\u00f3n se realiza una valoraci\u00f3n del funcionamiento de Winter Bicycle para poder realizar ajustes y mejorar la experiencia de juego. Estas son algunas de las valoraciones recibidas durante las sesiones realizadas en 2025:\u00a0 Los&hellip;&nbsp;<a href=\"https:\/\/winterbicycle.com\/about\/index.php\/valoraciones-2\/\" class=\"\" rel=\"bookmark\">Read More &raquo;<span class=\"screen-reader-text\">Evaluaci\u00f3n e Investigaci\u00f3n<\/span><\/a><\/p>\n","protected":false},"author":1,"featured_media":0,"parent":0,"menu_order":0,"comment_status":"closed","ping_status":"closed","template":"","meta":{"neve_meta_sidebar":"","neve_meta_container":"","neve_meta_enable_content_width":"","neve_meta_content_width":0,"neve_meta_title_alignment":"","neve_meta_author_avatar":"","neve_post_elements_order":"","neve_meta_disable_header":"","neve_meta_disable_footer":"","neve_meta_disable_title":"","footnotes":""},"class_list":["post-88","page","type-page","status-publish","hentry"],"_links":{"self":[{"href":"https:\/\/winterbicycle.com\/about\/index.php\/wp-json\/wp\/v2\/pages\/88","targetHints":{"allow":["GET"]}}],"collection":[{"href":"https:\/\/winterbicycle.com\/about\/index.php\/wp-json\/wp\/v2\/pages"}],"about":[{"href":"https:\/\/winterbicycle.com\/about\/index.php\/wp-json\/wp\/v2\/types\/page"}],"author":[{"embeddable":true,"href":"https:\/\/winterbicycle.com\/about\/index.php\/wp-json\/wp\/v2\/users\/1"}],"replies":[{"embeddable":true,"href":"https:\/\/winterbicycle.com\/about\/index.php\/wp-json\/wp\/v2\/comments?post=88"}],"version-history":[{"count":15,"href":"https:\/\/winterbicycle.com\/about\/index.php\/wp-json\/wp\/v2\/pages\/88\/revisions"}],"predecessor-version":[{"id":224,"href":"https:\/\/winterbicycle.com\/about\/index.php\/wp-json\/wp\/v2\/pages\/88\/revisions\/224"}],"wp:attachment":[{"href":"https:\/\/winterbicycle.com\/about\/index.php\/wp-json\/wp\/v2\/media?parent=88"}],"curies":[{"name":"wp","href":"https:\/\/api.w.org\/{rel}","templated":true}]}}