{"id":207,"date":"2026-01-13T11:47:39","date_gmt":"2026-01-13T11:47:39","guid":{"rendered":"https:\/\/winterbicycle.com\/about\/?page_id=207"},"modified":"2026-01-13T12:42:07","modified_gmt":"2026-01-13T12:42:07","slug":"ya-han-jugado-a-winter-bicycle","status":"publish","type":"page","link":"https:\/\/winterbicycle.com\/about\/index.php\/ya-han-jugado-a-winter-bicycle\/","title":{"rendered":"Ya han jugado a Winter Bicycle"},"content":{"rendered":"\n<p>Aunque esta aventura l\u00fadica se present\u00f3 oficialmente en mayo de 2025, dentro del IV Congreso Internacional de Comunicaci\u00f3n del Cambio Clim\u00e1tico (CCCC 2025) de la Universidad Complutense de Madrid, hemos realizado bastantes sesiones previas para testear el juego y a\u00f1adirle mejoras.   <\/p>\n\n\n\n<p>Estas son algunas de las sesiones que hemos realizado en los \u00faltimos meses, con participantes muy diversos. Estas experiencias, junto a las valoraciones de qui\u00e9nes han participado, nos han permitido seguir mejorando Winter Bicycle hasta hoy mismo:<\/p>\n\n\n\n<ul class=\"wp-block-list\">\n<li><strong>Grado de Publicidad y Relaciones P\u00fablicas de la Facultad de Ciencias de la Informaci\u00f3n. Viernes 5 de diciembre de 2025<\/strong> de 14h a 16h.\u00a0 Con 27 alumnos de 3\u00ba curso del Grado de Publicidad y Relaciones P\u00fablicas de la Facultad de Ciencias de la Informaci\u00f3n de la Universidad Complutense de Madrid.\u00a0<\/li>\n<\/ul>\n\n\n\n<ul class=\"wp-block-list\">\n<li><strong>Certificado en Medioambiente del SEPE. Viernes 28 de noviembre de 2025<\/strong> de 11 a 13h. Esta sesi\u00f3n se enmarca en la Semana de la Ciencia 2025. Con 16 alumnos del Certificado de Profesionalidad en Medioambiente del Servicio P\u00fablico de Empleo Estatal (SEPE).<\/li>\n<\/ul>\n\n\n\n<ul class=\"wp-block-list\">\n<li><strong>Centro de Educaci\u00f3n para adultos. Viernes 7 de noviembre de 2025<\/strong> de 11h a 13h. Semana de la Ciencia 2025. Con 30 alumnos del Centro de Educaci\u00f3n para Adultos Jos\u00e9 Luis Sampedro. Esta sesi\u00f3n forma parte de la <a href=\"https:\/\/www.semanacienciamadrid.org\/actividad\/juega-winter-bicycle-una-aventura-ludica-de-realidad-virtual-sobre-el-cambio-climatico\">SEMANA DE LA CIENCIA 2025<\/a>.<\/li>\n<\/ul>\n\n\n\n<ul class=\"wp-block-list\">\n<li><strong>M\u00e1ster de Comunicaci\u00f3n Audiovisual de la Facultad de Ciencias de la Informaci\u00f3n UCM. Mi\u00e9rcoles 22 de octubre de 2025<\/strong> de 17h a 19h. Con 12 alumnos del M\u00e1ster de Comunicaci\u00f3n Audiovisual para la Era Digital de la Facultad de Ciencias de la Informaci\u00f3n de la Universidad Complutense de Madrid.\u00a0<\/li>\n<\/ul>\n\n\n\n<ul class=\"wp-block-list\">\n<li><strong>Grado de Publicidad y Relaciones P\u00fablicas de la Facultad de Ciencias de la Informaci\u00f3n. Mi\u00e9rcoles 9 de abril de 2025<\/strong> de 11h a 13h. Con 27 alumnos de 3\u00ba curso del Grado de Publicidad y Relaciones P\u00fablicas de la Facultad de Ciencias de la Informaci\u00f3n de la Universidad Complutense de Madrid.<\/li>\n\n\n\n<li><strong>M\u00e1ster en Comunicaci\u00f3n Pol\u00edtica de la Facultad de Ciencias de la Informaci\u00f3n. Martes 11 de marzo de 2025<\/strong> de 11h a 13h. Con 16 alumnos del M\u00e1ster Universitario en Estudios Avanzados en Comunicaci\u00f3n Pol\u00edtica de la Facultad de Ciencias de la Informaci\u00f3n de la Universidad Complutense de Madrid.<\/li>\n<\/ul>\n\n\n\n<p><\/p>\n\n\n\n<p><\/p>\n","protected":false},"excerpt":{"rendered":"<p>Aunque esta aventura l\u00fadica se present\u00f3 oficialmente en mayo de 2025, dentro del IV Congreso Internacional de Comunicaci\u00f3n del Cambio Clim\u00e1tico (CCCC 2025) de la Universidad Complutense de Madrid, hemos realizado bastantes sesiones previas para testear el juego y a\u00f1adirle mejoras. Estas son algunas de las sesiones que hemos realizado en los \u00faltimos meses, con&hellip;&nbsp;<a href=\"https:\/\/winterbicycle.com\/about\/index.php\/ya-han-jugado-a-winter-bicycle\/\" class=\"\" rel=\"bookmark\">Read More &raquo;<span class=\"screen-reader-text\">Ya han jugado a Winter Bicycle<\/span><\/a><\/p>\n","protected":false},"author":1,"featured_media":0,"parent":0,"menu_order":0,"comment_status":"closed","ping_status":"closed","template":"","meta":{"neve_meta_sidebar":"","neve_meta_container":"","neve_meta_enable_content_width":"","neve_meta_content_width":0,"neve_meta_title_alignment":"","neve_meta_author_avatar":"","neve_post_elements_order":"","neve_meta_disable_header":"","neve_meta_disable_footer":"","neve_meta_disable_title":"","footnotes":""},"class_list":["post-207","page","type-page","status-publish","hentry"],"_links":{"self":[{"href":"https:\/\/winterbicycle.com\/about\/index.php\/wp-json\/wp\/v2\/pages\/207","targetHints":{"allow":["GET"]}}],"collection":[{"href":"https:\/\/winterbicycle.com\/about\/index.php\/wp-json\/wp\/v2\/pages"}],"about":[{"href":"https:\/\/winterbicycle.com\/about\/index.php\/wp-json\/wp\/v2\/types\/page"}],"author":[{"embeddable":true,"href":"https:\/\/winterbicycle.com\/about\/index.php\/wp-json\/wp\/v2\/users\/1"}],"replies":[{"embeddable":true,"href":"https:\/\/winterbicycle.com\/about\/index.php\/wp-json\/wp\/v2\/comments?post=207"}],"version-history":[{"count":2,"href":"https:\/\/winterbicycle.com\/about\/index.php\/wp-json\/wp\/v2\/pages\/207\/revisions"}],"predecessor-version":[{"id":216,"href":"https:\/\/winterbicycle.com\/about\/index.php\/wp-json\/wp\/v2\/pages\/207\/revisions\/216"}],"wp:attachment":[{"href":"https:\/\/winterbicycle.com\/about\/index.php\/wp-json\/wp\/v2\/media?parent=207"}],"curies":[{"name":"wp","href":"https:\/\/api.w.org\/{rel}","templated":true}]}}